{"id":2,"date":"2020-06-29T20:46:00","date_gmt":"2020-06-29T20:46:00","guid":{"rendered":"http:\/\/kaubapunkt.ee\/?page_id=2"},"modified":"2020-07-01T06:46:13","modified_gmt":"2020-07-01T06:46:13","slug":"sample-page","status":"publish","type":"page","link":"https:\/\/kaubapunkt.ee\/","title":{"rendered":""},"content":{"rendered":"\n<h2>Tere tulemast kauplusauto Kaubapunkt kodulehele!<\/h2>\n\n\n\n<p>Kaubapunkt tegutseb Raplamaal Kohila vallas ja Harjumaal Harku, Saku ning Saue vallas, tuues toidu- ja esmatarbekaubad k\u00e4tte neile, kellelt turumajandus on v\u00f5tnud traditsioonilise k\u00fclapoe.<\/p>\n\n\n\n<p>Lisaks kaupluses olemasolevale kaubale pakub Kaubapunkt ka ettetellimise v\u00f5imalust, et pakkuda suuremat kaubavalikut kui piiratud kaupluse pind v\u00f5imaldab.<\/p>\n\n\n\n<p>Kauba tellimine:&nbsp;<\/p>\n\n\n\n<p>\u00b7&nbsp;&nbsp;kauplusautost<\/p>\n\n\n\n<p>\u00b7\u00a0\u00a0telefoni teel 51 85 331<\/p>\n\n\n\n<p>\u00b7&nbsp;&nbsp;e-post teel&nbsp;<a href=\"mailto:info@kaubapunkt.ee\">info@kaubapunkt.ee<\/a><\/p>\n\n\n\n<p><strong>NB! Et saada kaup k\u00e4tte teisip\u00e4eval, peab tellimus olema esitatud hiljemalt esmasp\u00e4eval kl. 10.00.&nbsp;<\/strong><strong><\/strong><\/p>\n\n\n\n<p><strong>Et saada kaup k\u00e4tte reedel, peab tellimus olema esitatud hiljemalt kolmap\u00e4eval kl. 10.00<\/strong><strong><\/strong><\/p>\n\n\n\n<p>Tasumine kauba k\u00e4ttesaamisel, maksta saab nii sularahas kui pangakaardiga.<\/p>\n\n\n\n<p><\/p>\n","protected":false},"excerpt":{"rendered":"<p>Tere tulemast kauplusauto Kaubapunkt kodulehele! Kaubapunkt tegutseb Raplamaal Kohila vallas ja Harjumaal Harku, Saku ning Saue vallas, tuues toidu- ja esmatarbekaubad k\u00e4tte neile, kellelt turumajandus on v\u00f5tnud traditsioonilise k\u00fclapoe. Lisaks kaupluses olemasolevale kaubale pakub Kaubapunkt ka ettetellimise v\u00f5imalust, et pakkuda &hellip; <a href=\"https:\/\/kaubapunkt.ee\/\">J\u00e4tka lugemist <span class=\"meta-nav\">&rarr;<\/span><\/a><\/p>\n","protected":false},"author":1,"featured_media":0,"parent":0,"menu_order":1,"comment_status":"closed","ping_status":"open","template":"","meta":[],"_links":{"self":[{"href":"https:\/\/kaubapunkt.ee\/index.php?rest_route=\/wp\/v2\/pages\/2"}],"collection":[{"href":"https:\/\/kaubapunkt.ee\/index.php?rest_route=\/wp\/v2\/pages"}],"about":[{"href":"https:\/\/kaubapunkt.ee\/index.php?rest_route=\/wp\/v2\/types\/page"}],"author":[{"embeddable":true,"href":"https:\/\/kaubapunkt.ee\/index.php?rest_route=\/wp\/v2\/users\/1"}],"replies":[{"embeddable":true,"href":"https:\/\/kaubapunkt.ee\/index.php?rest_route=%2Fwp%2Fv2%2Fcomments&post=2"}],"version-history":[{"count":8,"href":"https:\/\/kaubapunkt.ee\/index.php?rest_route=\/wp\/v2\/pages\/2\/revisions"}],"predecessor-version":[{"id":59,"href":"https:\/\/kaubapunkt.ee\/index.php?rest_route=\/wp\/v2\/pages\/2\/revisions\/59"}],"wp:attachment":[{"href":"https:\/\/kaubapunkt.ee\/index.php?rest_route=%2Fwp%2Fv2%2Fmedia&parent=2"}],"curies":[{"name":"wp","href":"https:\/\/api.w.org\/{rel}","templated":true}]}}